{"id":84,"date":"2018-02-28T01:41:27","date_gmt":"2018-02-28T01:41:27","guid":{"rendered":"http:\/\/vecses2.lutheran.hu\/?page_id=84"},"modified":"2019-12-23T13:17:26","modified_gmt":"2019-12-23T13:17:26","slug":"vele","status":"publish","type":"page","link":"https:\/\/vecses2.lutheran.hu\/?page_id=84","title":{"rendered":"VELE"},"content":{"rendered":"<h3>A Vecs\u00e9si Evang\u00e9likus Egyh\u00e1zk\u00f6zs\u00e9g Lapja<\/h3>\n<p><!--more--><\/p>\n<ul>\n<li><a href=\"https:\/\/drive.google.com\/file\/d\/1wDaGlsiP0dBilBDqoM7dbRIwSx8lTYfL\/view?usp=sharing\" target=\"_blank\" rel=\"noopener noreferrer\">VELE I. \u00e9vfolyam 1. sz\u00e1m<\/a><\/li>\n<li><a href=\"https:\/\/drive.google.com\/file\/d\/1pTpaDp8PkunNcQV1nmPcwcmOBv-Hc4yQ\/view?usp=sharing\">VELE II. \u00e9vfolyam 1. sz\u00e1m<\/a><\/li>\n<li><a href=\"https:\/\/drive.google.com\/file\/d\/1pTpaDp8PkunNcQV1nmPcwcmOBv-Hc4yQ\/view?usp=sharing\">VELE II. \u00e9vfolyam 2. sz\u00e1m<\/a><\/li>\n<li><a href=\"https:\/\/drive.google.com\/file\/d\/18TKjM_wtbp7RKq_2misJeejGYZNDYEdP\/view?usp=sharing\">VELE III. \u00e9vfolyam 1. sz\u00e1m<\/a><\/li>\n<li><a href=\"https:\/\/drive.google.com\/file\/d\/1GS8MzI0C9UEVJVYfY_Y5c3R4M7MWZouY\/view?usp=sharing\">VELE IV. \u00e9vfolyam 1. sz\u00e1m<\/a><\/li>\n<li><a href=\"https:\/\/drive.google.com\/file\/d\/1M1GpV7NF3l4VWcbbDd6FzWC9EeCPq0MQ\/view?usp=sharing\">VELE IV. \u00e9vfolyam 2. sz\u00e1m<\/a><\/li>\n<li><a href=\"https:\/\/drive.google.com\/file\/d\/1Jr2HB83xw2i01glgk9X5ltyPth1GqEEh\/view?usp=sharing\">VELE VII. \u00e9vfolyam 1. sz\u00e1m<\/a><\/li>\n<li><a href=\"https:\/\/drive.google.com\/file\/d\/1ANk1ym0xTps66TtloVxxsv3WndzRGQ9J\/view?usp=sharing\">VELE VIII. \u00e9vfolyam 2. sz\u00e1m<\/a><\/li>\n<li><a href=\"https:\/\/drive.google.com\/file\/d\/1vN13A8bLbRyxIhGWuoQaDYPlpDJeHLa5\/view?usp=sharing\">VELE VIII. \u00e9vfolyam 3. sz\u00e1m<\/a><\/li>\n<li><a href=\"https:\/\/drive.google.com\/open?id=1aCAf7hcseLkXht2sAlcPCMfa49naWczZ\">VELE X. \u00e9vfolyam 2. sz\u00e1m<\/a><\/li>\n<\/ul>\n","protected":false},"excerpt":{"rendered":"<p>A Vecs\u00e9si Evang\u00e9likus Egyh\u00e1zk\u00f6zs\u00e9g Lapja<\/p>\n","protected":false},"author":2,"featured_media":119,"parent":170,"menu_order":0,"comment_status":"closed","ping_status":"closed","template":"","meta":{"footnotes":""},"class_list":["post-84","page","type-page","status-publish","has-post-thumbnail","hentry","comments-off"],"_links":{"self":[{"href":"https:\/\/vecses2.lutheran.hu\/index.php?rest_route=\/wp\/v2\/pages\/84","targetHints":{"allow":["GET"]}}],"collection":[{"href":"https:\/\/vecses2.lutheran.hu\/index.php?rest_route=\/wp\/v2\/pages"}],"about":[{"href":"https:\/\/vecses2.lutheran.hu\/index.php?rest_route=\/wp\/v2\/types\/page"}],"author":[{"embeddable":true,"href":"https:\/\/vecses2.lutheran.hu\/index.php?rest_route=\/wp\/v2\/users\/2"}],"replies":[{"embeddable":true,"href":"https:\/\/vecses2.lutheran.hu\/index.php?rest_route=%2Fwp%2Fv2%2Fcomments&post=84"}],"version-history":[{"count":1,"href":"https:\/\/vecses2.lutheran.hu\/index.php?rest_route=\/wp\/v2\/pages\/84\/revisions"}],"predecessor-version":[{"id":814,"href":"https:\/\/vecses2.lutheran.hu\/index.php?rest_route=\/wp\/v2\/pages\/84\/revisions\/814"}],"up":[{"embeddable":true,"href":"https:\/\/vecses2.lutheran.hu\/index.php?rest_route=\/wp\/v2\/pages\/170"}],"wp:featuredmedia":[{"embeddable":true,"href":"https:\/\/vecses2.lutheran.hu\/index.php?rest_route=\/"}],"wp:attachment":[{"href":"https:\/\/vecses2.lutheran.hu\/index.php?rest_route=%2Fwp%2Fv2%2Fmedia&parent=84"}],"curies":[{"name":"wp","href":"https:\/\/api.w.org\/{rel}","templated":true}]}}