{"id":69,"date":"2018-02-28T00:42:18","date_gmt":"2018-02-28T00:42:18","guid":{"rendered":"http:\/\/vecses2.lutheran.hu\/?page_id=69"},"modified":"2018-11-15T23:09:34","modified_gmt":"2018-11-15T23:09:34","slug":"lapszemle","status":"publish","type":"page","link":"https:\/\/vecses2.lutheran.hu\/?page_id=69","title":{"rendered":"Lapszemle"},"content":{"rendered":"<h4>A Vecs\u00e9si Evang\u00e9likus Gy\u00fclekezet m\u00faltj\u00e1r\u00f3l, jelen\u00e9r\u0151l, esem\u00e9nyeir\u0151l, lelk\u00e9szeir\u0151l sz\u00f3l\u00f3 \u00edr\u00e1sok.<\/h4>\n<p><a href=\"http:\/\/www.evangelikus.hu\/vecsesi-templombovites-jotekonysagi-nap\">L\u00e1that\u00f3 evang\u00e9likuss\u00e1g Vecs\u00e9sen &#8211; Kultur\u00e1lis napot tartottak a templom b\u0151v\u00edt\u00e9s\u00e9\u00e9rt<\/a><br \/>\nevangelikus.hu<br \/>\n2015.10.22.<\/p>\n<p><a href=\"http:\/\/www.evangelikus.hu\/vecsesi-kaposztafeszt\">Adom\u00e1nygy\u0171jt\u00e9s \u00f6sszefog\u00e1ssal &#8211; Evang\u00e9likusok a K\u00e1posztafeszten<\/a><br \/>\nevangelikus.hu<br \/>\n2015.10.01.<\/p>\n<p><a href=\"http:\/\/evangelikus.hu\/cikk\/lufifejek-%C3%A9s-p%C3%A1l-apostol-%E2%80%93-napk%C3%B6zis-t%C3%A1bor-vecs%C3%A9sen\">Lufifejek \u00e9s P\u00e1l apostol &#8211; Besz\u00e1mol\u00f3 a napk\u00f6zis t\u00e1borr\u00f3l<\/a><br \/>\nevangelikus.hu<br \/>\n2015.06.23.<\/p>\n<p><a href=\"http:\/\/evangelikus.hu\/cikk\/hittanosok-alkot%C3%A1sai-%C3%A1lltak-k%C3%B6z%C3%A9ppontban-%E2%80%93-tan%C3%A9vz%C3%A1r%C3%B3-istentiszteletet-tartottak-vecs%C3%A9sen\">Hittanosok alkot\u00e1sai a k\u00f6z\u00e9ppontban &#8211; Tan\u00e9vz\u00e1r\u00f3 istentisztelet Vecs\u00e9sen<\/a><br \/>\nevangelikus.hu<br \/>\n2015.06.15.<\/p>\n<p><a href=\"http:\/\/evangelikus.hu\/cikk\/n%C5%91k-bibli%C3%A1ban-%E2%80%93-besz%C3%A1mol%C3%B3-vecs%C3%A9si-napk%C3%B6zis-t%C3%A1borr%C3%B3l\">N\u0151k a Bibli\u00e1ban &#8211; Besz\u00e1mol\u00f3 a vecs\u00e9si napk\u00f6zis t\u00e1borr\u00f3l<\/a><br \/>\nevangelikus.hu<br \/>\n2014.07.08.<\/p>\n<p><a href=\"http:\/\/evangelikus.hu\/cikk\/vecs%C3%A9sibadacsonyl%C3%A1bdihegy2014\">Vecs\u00e9si ifj\u00fas\u00e1gi t\u00e1bor Badacsonyl\u00e1bdihegyen<\/a><br \/>\nevangelikus.hu<br \/>\n2014.08.13.<\/p>\n<p><a href=\"http:\/\/evangelikus.hu\/cikk\/adventre-k%C3%A9sz%C3%BCltek-vecs%C3%A9si-gy%C3%BClekezetben\">Adventi csendesnap a vecs\u00e9si gy\u00fclekezetben<\/a><br \/>\nevangelikus.hu<br \/>\n2014.12.03.<\/p>\n<p><a href=\"http:\/\/www.evangelikuselet.hu\/lapozgato\/2013-46\">P\u00fcnk\u00f6sdbe gy\u00f6kerezve; A szerelem \u00fcnnepnapja<br \/>\nA gy\u00fclekezet 90 \u00e9ves \u00e9vfordul\u00f3j\u00e1n tartott \u00fcnnepi istentiszteletr\u0151l \u00e9s az esti koncertr\u0151l sz\u00f3l\u00f3 cikkek<\/a><br \/>\nEvang\u00e9likus \u00c9let 2013. nov. 17. 3. oldal<\/p>\n<p><a href=\"http:\/\/evangelikus.hu\/cikk\/sz%C3%ADnes-sz%C3%BClet%C3%A9snap-vecs%C3%A9sen\">Sz\u00ednes sz\u00fclet\u00e9snap.<br \/>\nBesz\u00e1mol\u00f3 a 90 \u00e9ves \u00e9vfordul\u00f3 kapcs\u00e1n megtartott \u00fcnnepi istentiszteletr\u0151l \u00e9s koncertr\u0151l<\/a><br \/>\nevangelikus.hu<\/p>\n<p><a href=\"http:\/\/www.evangelikuselet.hu\/lapozgato\/2013-41\">3 templom &#8211; 90 \u00e9v.<br \/>\nBesz\u00e1mol\u00f3 a 2013-as gy\u00fclekezeti napr\u00f3l.<\/a><br \/>\nEvang\u00e9likus \u00c9let 2013. okt. 13. 14. oldal<br \/>\n(Pdf form\u00e1tumban let\u00f6lthet\u0151)<\/p>\n<p><a href=\"http:\/\/www.evangelikus.hu\/cikk\/bibliai-t%C3%B6rt%C3%A9netek-t%C3%A1borr%C3%B3l-t%C3%A1borra-vecs%C3%A9si-gy%C3%BClekezet-szervez%C3%A9s%C3%A9ben\">Besz\u00e1mol\u00f3 a 2013-as ny\u00e1ri t\u00e1borokr\u00f3l<\/a><br \/>\nevangelikus.hu<\/p>\n<p><a href=\"http:\/\/evangelikus.hu\/interju-marschalko-gyula\">Interj\u00fa Marschalk\u00f3 Gyul\u00e1val, gy\u00fclekezet\u00fcnk egykori lelk\u00e9sz\u00e9vel.<\/a><br \/>\nevangelikus.hu<\/p>\n<p><a href=\"http:\/\/evangelikus.hu\/cikk\/vall%C3%A1si-t%C3%B6m%C3%A9nys%C3%A9gben-%E2%80%93-heinemann-ildik%C3%B3-lelk%C3%A9szn%C5%91vel-besz%C3%A9lgett%C3%BCnk-izraeli-%C3%BAtj%C3%A1r%C3%B3l\">Interj\u00fa Heinemann Ildik\u00f3val, gy\u00fclekezet\u00fcnk lelk\u00e9sz\u00e9vel.<\/a><br \/>\nevangelikus.hu<\/p>\n<p><a href=\"http:\/\/evangelikus.hu\/cikk\/az-%C3%BCres-s%C3%ADr-c%C3%ADm%C5%B1-sz%C3%ADndarabot-adt%C3%A1k-el%C5%91-vecs%C3%A9si-gy%C3%BClekezet-hittanosai\">H\u00edrad\u00e1s a 2013-as h\u00fasv\u00e9ti sz\u00edndarabr\u00f3l.<\/a><br \/>\nevangelikus.hu<\/p>\n<p><a href=\"http:\/\/evelet.hu\/cikk\/az-els%C5%91-%C3%BArvacsorav%C3%A9telre-k%C3%A9sz%C3%BCltek\">Besz\u00e1mol\u00f3 a 2013-as konfirmandust\u00e1borr\u00f3l<\/a><br \/>\nevangelikus.hu<\/p>\n<p><a href=\"http:\/\/www.evangelikuselet.hu\/lapozgato\/2010-49\">Csocs\u00f3 \u00e9s klarin\u00e9t. \u00c9lm\u00e9nybesz\u00e1mol\u00f3 egy 2010-es ifj\u00fas\u00e1gi h\u00e9tv\u00e9g\u00e9r\u0151l.<\/a><br \/>\nEvang\u00e9likus \u00c9let 2010. dec. 5. 12. oldal<br \/>\n(Pdf form\u00e1tumban let\u00f6lthet\u0151)<\/p>\n","protected":false},"excerpt":{"rendered":"<p>A Vecs\u00e9si Evang\u00e9likus Gy\u00fclekezet m\u00faltj\u00e1r\u00f3l, jelen\u00e9r\u0151l, esem\u00e9nyeir\u0151l, lelk\u00e9szeir\u0151l sz\u00f3l\u00f3 \u00edr\u00e1sok. L\u00e1that\u00f3 evang\u00e9likuss\u00e1g Vecs\u00e9sen &#8211; Kultur\u00e1lis napot tartottak a templom b\u0151v\u00edt\u00e9s\u00e9\u00e9rt<\/p>\n","protected":false},"author":1,"featured_media":460,"parent":170,"menu_order":0,"comment_status":"closed","ping_status":"closed","template":"","meta":{"footnotes":""},"class_list":["post-69","page","type-page","status-publish","has-post-thumbnail","hentry","comments-off"],"_links":{"self":[{"href":"https:\/\/vecses2.lutheran.hu\/index.php?rest_route=\/wp\/v2\/pages\/69","targetHints":{"allow":["GET"]}}],"collection":[{"href":"https:\/\/vecses2.lutheran.hu\/index.php?rest_route=\/wp\/v2\/pages"}],"about":[{"href":"https:\/\/vecses2.lutheran.hu\/index.php?rest_route=\/wp\/v2\/types\/page"}],"author":[{"embeddable":true,"href":"https:\/\/vecses2.lutheran.hu\/index.php?rest_route=\/wp\/v2\/users\/1"}],"replies":[{"embeddable":true,"href":"https:\/\/vecses2.lutheran.hu\/index.php?rest_route=%2Fwp%2Fv2%2Fcomments&post=69"}],"version-history":[{"count":1,"href":"https:\/\/vecses2.lutheran.hu\/index.php?rest_route=\/wp\/v2\/pages\/69\/revisions"}],"predecessor-version":[{"id":686,"href":"https:\/\/vecses2.lutheran.hu\/index.php?rest_route=\/wp\/v2\/pages\/69\/revisions\/686"}],"up":[{"embeddable":true,"href":"https:\/\/vecses2.lutheran.hu\/index.php?rest_route=\/wp\/v2\/pages\/170"}],"wp:featuredmedia":[{"embeddable":true,"href":"https:\/\/vecses2.lutheran.hu\/index.php?rest_route=\/wp\/v2\/media\/460"}],"wp:attachment":[{"href":"https:\/\/vecses2.lutheran.hu\/index.php?rest_route=%2Fwp%2Fv2%2Fmedia&parent=69"}],"curies":[{"name":"wp","href":"https:\/\/api.w.org\/{rel}","templated":true}]}}