{"id":24,"date":"2018-02-27T20:52:29","date_gmt":"2018-02-27T20:52:29","guid":{"rendered":"http:\/\/vecses2.lutheran.hu\/?page_id=24"},"modified":"2018-11-15T23:08:45","modified_gmt":"2018-11-15T23:08:45","slug":"11-2","status":"publish","type":"page","link":"https:\/\/vecses2.lutheran.hu\/?page_id=24","title":{"rendered":"1+1%"},"content":{"rendered":"<p>K\u00e9rj\u00fck, hogy ad\u00f3ja 1+1%-\u00e1val t\u00e1mogasson minket!<!--more--><br \/>\nA gy\u00fclekezet\u00fcnket t\u00e1mogat\u00f3 S\u00e1tor Egyes\u00fclet ad\u00f3sz\u00e1ma: 18207271-1-13<br \/>\nA Magyarorsz\u00e1gi Evang\u00e9likus Egyh\u00e1z technikai sz\u00e1ma: 0035<\/p>\n<h4>Fontos!<\/h4>\n<p>Amennyiben nem rendelkezik ad\u00f3z\u00f3 j\u00f6vedelemmel (pl. nyugd\u00edjas), akkor is k\u00e9rj\u00fck, hogy jel\u00f6lje meg a Magyarorsz\u00e1gi Evang\u00e9likus Egyh\u00e1zat kedvezm\u00e9nyezettk\u00e9nt, hiszen az \u00e1llam ezek alapj\u00e1n \u00edt\u00e9li meg az egyh\u00e1z m\u00e9ret\u00e9t, \u00e9s ebb\u0151l fakad\u00f3an t\u00e1mogat\u00e1s\u00e1t.<\/p>\n","protected":false},"excerpt":{"rendered":"<p>K\u00e9rj\u00fck, hogy ad\u00f3ja 1+1%-\u00e1val t\u00e1mogasson minket!<\/p>\n","protected":false},"author":1,"featured_media":522,"parent":0,"menu_order":0,"comment_status":"closed","ping_status":"closed","template":"","meta":{"footnotes":""},"class_list":["post-24","page","type-page","status-publish","has-post-thumbnail","hentry","comments-off"],"_links":{"self":[{"href":"https:\/\/vecses2.lutheran.hu\/index.php?rest_route=\/wp\/v2\/pages\/24","targetHints":{"allow":["GET"]}}],"collection":[{"href":"https:\/\/vecses2.lutheran.hu\/index.php?rest_route=\/wp\/v2\/pages"}],"about":[{"href":"https:\/\/vecses2.lutheran.hu\/index.php?rest_route=\/wp\/v2\/types\/page"}],"author":[{"embeddable":true,"href":"https:\/\/vecses2.lutheran.hu\/index.php?rest_route=\/wp\/v2\/users\/1"}],"replies":[{"embeddable":true,"href":"https:\/\/vecses2.lutheran.hu\/index.php?rest_route=%2Fwp%2Fv2%2Fcomments&post=24"}],"version-history":[{"count":1,"href":"https:\/\/vecses2.lutheran.hu\/index.php?rest_route=\/wp\/v2\/pages\/24\/revisions"}],"predecessor-version":[{"id":685,"href":"https:\/\/vecses2.lutheran.hu\/index.php?rest_route=\/wp\/v2\/pages\/24\/revisions\/685"}],"wp:featuredmedia":[{"embeddable":true,"href":"https:\/\/vecses2.lutheran.hu\/index.php?rest_route=\/wp\/v2\/media\/522"}],"wp:attachment":[{"href":"https:\/\/vecses2.lutheran.hu\/index.php?rest_route=%2Fwp%2Fv2%2Fmedia&parent=24"}],"curies":[{"name":"wp","href":"https:\/\/api.w.org\/{rel}","templated":true}]}}