{"id":215,"date":"2018-03-04T14:25:50","date_gmt":"2018-03-04T14:25:50","guid":{"rendered":"https:\/\/vecses2.lutheran.hu\/?page_id=215"},"modified":"2018-03-04T14:25:50","modified_gmt":"2018-03-04T14:25:50","slug":"archiv-kepek","status":"publish","type":"page","link":"https:\/\/vecses2.lutheran.hu\/?page_id=215","title":{"rendered":"Arch\u00edv k\u00e9pek"},"content":{"rendered":"<p>Al\u00e1bb l\u00e1thatja az el\u0151z\u0151 honlapr\u00f3l \u00e1temelt k\u00e9peket:<\/p>\n<ul>\n<li><a href=\"https:\/\/photos.app.goo.gl\/fB0DnsowrSsEs7iz1\">\u00d6sszes r\u00e9gi k\u00e9p<\/a><\/li>\n<li><a href=\"https:\/\/photos.app.goo.gl\/IdRl6drSoJguBtJz1\">Konfirm\u00e1ci\u00f3 2014<\/a><\/li>\n<li><a href=\"https:\/\/photos.app.goo.gl\/ZTY5K02En0DxueKc2\">Bibliaverseny 2014<\/a><\/li>\n<li><a href=\"https:\/\/photos.app.goo.gl\/NFRWoLMUm5jXZtns2\">Farsang 2014<\/a><\/li>\n<li><a href=\"https:\/\/photos.app.goo.gl\/EpAoqd9Xnb7ZLFVm1\">Napk\u00f6zis t\u00e1bor 2014<\/a><\/li>\n<li><a href=\"https:\/\/photos.app.goo.gl\/NOCpHFi7nEsxCLTE3\">\u00c9nekkaros kir\u00e1ndul\u00e1s<\/a><\/li>\n<li><a href=\"https:\/\/photos.app.goo.gl\/potudKIVaepuj27x1\">Gy\u00fclekezeti Nap 2013 szeptember<\/a><\/li>\n<li><a href=\"https:\/\/photos.app.goo.gl\/S8G2fp8O1CDTkzjH3\">Napk\u00f6zis t\u00e1bor 2013<\/a><\/li>\n<li><a href=\"https:\/\/photos.app.goo.gl\/xTb87ZRZw3sYt7Bf1\">H\u00fasv\u00e9ti sz\u00edndarab 2013<\/a><\/li>\n<li><a href=\"https:\/\/photos.app.goo.gl\/bUBRdLwFpaMylEqX2\">Konfirm\u00e1ci\u00f3 2013<\/a><\/li>\n<li><a href=\"https:\/\/photos.app.goo.gl\/C2uU3mF5ghTAZXi12\">\u00dcnneps\u00e9g \u00e9s koncert a gy\u00fclekezet 90. \u00e9vfordul\u00f3j\u00e1n<\/a><\/li>\n<li><a href=\"https:\/\/photos.app.goo.gl\/hsML73Tu6NkPSTK73\">Kertrendez\u00e9s 2013 tavasz<\/a><\/li>\n<li><a href=\"https:\/\/photos.app.goo.gl\/UNmNDA1OfHneV10h2\">Konfit\u00e1bor 2013 m\u00e1rcius<\/a><\/li>\n<li><a href=\"https:\/\/photos.app.goo.gl\/tSJG011l9JeY5kUF3\">Ifi t\u00e1bor 2013<\/a><\/li>\n<li><a href=\"https:\/\/photos.app.goo.gl\/gMPINiSJU7EUDH6h2\">Farsang 2013<\/a><\/li>\n<li><a href=\"https:\/\/photos.app.goo.gl\/7gtLMXIfPDqLlinz1\">F<\/a><a href=\"https:\/\/photos.app.goo.gl\/7gtLMXIfPDqLlinz1\">ar<\/a><a href=\"https:\/\/photos.app.goo.gl\/7gtLMXIfPDqLlinz1\">sang 2012<\/a><\/li>\n<li><a href=\"https:\/\/photos.app.goo.gl\/sQTggoInecnMsE1K3\">Kir\u00e1ndul\u00e1s Szegeden 2012 november<\/a><\/li>\n<li><a href=\"https:\/\/photos.app.goo.gl\/cB8INMmG6gnOJaPG3\">Kar\u00e1csony 2012<\/a><\/li>\n<li><a href=\"https:\/\/photos.app.goo.gl\/WlcCvwxwyWkyz5xI3\">Csal\u00e1di istentisztelet \u00e9s konfirmandusok bemutat\u00e1sa 2012 okt\u00f3ber<\/a><\/li>\n<li><a href=\"https:\/\/photos.app.goo.gl\/o6g9QkiVzyY65IE73\">Ifis boboz\u00e1s 2012<\/a><\/li>\n<li><a href=\"https:\/\/photos.app.goo.gl\/tQutwTdTPPGwWrUo1\">Napk\u00f6zis t\u00e1bor 2012<\/a><\/li>\n<li><a href=\"https:\/\/photos.app.goo.gl\/eqO8ua8svj85hlft1\">Kar\u00e1csony 2011<\/a><\/li>\n<li><a href=\"https:\/\/photos.app.goo.gl\/voegVCXJfzbAVUM33\">Farsang 2011<\/a><\/li>\n<li><a href=\"https:\/\/photos.app.goo.gl\/HON25eJB0M8ShYdh2\">H\u00edv\u0151 vagyok vagy vall\u00e1sos? &#8211; szeretvend\u00e9gs\u00e9g<\/a><\/li>\n<li><a href=\"https:\/\/photos.app.goo.gl\/8i3dhnD5oERvyDZD2\">Tanyat\u00e1bor 2010<\/a><\/li>\n<li><a href=\"https:\/\/photos.app.goo.gl\/G6bKAQElYfp7B0Tm1\">\u0150szi kir\u00e1ndul\u00e1s a Dunakanyarban<\/a><\/li>\n<li><a href=\"https:\/\/photos.app.goo.gl\/TjVwcbjR5FRB508E2\">Ifj\u00fas\u00e1gi tal\u00e1lkoz\u00f3 &#8211; Magl\u00f3d<\/a><\/li>\n<li><a href=\"https:\/\/photos.app.goo.gl\/IHLzUNw3rFC8kjMu2\">Tavaszi kir\u00e1ndul\u00e1s<\/a><\/li>\n<li><a href=\"https:\/\/photos.app.goo.gl\/n0sdL6MNqvRs8Sjg1\">Farsang 2010<\/a><\/li>\n<li><a href=\"https:\/\/photos.app.goo.gl\/nxduZO7O541KClE82\">Id\u0151sek napi szeretetvend\u00e9gs\u00e9g<\/a><\/li>\n<li><a href=\"https:\/\/photos.app.goo.gl\/JaZBzuIMwGjGaZaD2\">Testv\u00e9rgy\u00fclekezeti tal\u00e1lkoz\u00f3 &#8211; B\u00e9nye<\/a><\/li>\n<li><a href=\"https:\/\/photos.app.goo.gl\/hSt2QYv293LOsNnv1\">Kor\u00e1bbi k\u00e9pek a templomr\u00f3l<\/a><\/li>\n<\/ul>\n<p><script async src=\"https:\/\/www.publicalbum.org\/js\/pa-ins.min.js\"><\/script><br \/>\n<ins class=\"pa-widget-gallery\" style=\"width: 100%; height: 480px;\" data-url=\"https:\/\/photos.app.goo.gl\/fB0DnsowrSsEs7iz1\" data-uid=\"25a29942e68746b68e6e64c274ab631e921f12a6f5af4734b6a204503d29b7eb\" data-allow-fullscreen=\"true\"><\/ins><\/p>\n","protected":false},"excerpt":{"rendered":"<p>Al\u00e1bb l\u00e1thatja az el\u0151z\u0151 honlapr\u00f3l \u00e1temelt k\u00e9peket: \u00d6sszes r\u00e9gi k\u00e9p Konfirm\u00e1ci\u00f3 2014 Bibliaverseny 2014 Farsang 2014 Napk\u00f6zis t\u00e1bor 2014 \u00c9nekkaros<\/p>\n","protected":false},"author":2,"featured_media":0,"parent":170,"menu_order":0,"comment_status":"closed","ping_status":"closed","template":"","meta":{"footnotes":""},"class_list":["post-215","page","type-page","status-publish","hentry","comments-off"],"_links":{"self":[{"href":"https:\/\/vecses2.lutheran.hu\/index.php?rest_route=\/wp\/v2\/pages\/215","targetHints":{"allow":["GET"]}}],"collection":[{"href":"https:\/\/vecses2.lutheran.hu\/index.php?rest_route=\/wp\/v2\/pages"}],"about":[{"href":"https:\/\/vecses2.lutheran.hu\/index.php?rest_route=\/wp\/v2\/types\/page"}],"author":[{"embeddable":true,"href":"https:\/\/vecses2.lutheran.hu\/index.php?rest_route=\/wp\/v2\/users\/2"}],"replies":[{"embeddable":true,"href":"https:\/\/vecses2.lutheran.hu\/index.php?rest_route=%2Fwp%2Fv2%2Fcomments&post=215"}],"version-history":[{"count":0,"href":"https:\/\/vecses2.lutheran.hu\/index.php?rest_route=\/wp\/v2\/pages\/215\/revisions"}],"up":[{"embeddable":true,"href":"https:\/\/vecses2.lutheran.hu\/index.php?rest_route=\/wp\/v2\/pages\/170"}],"wp:attachment":[{"href":"https:\/\/vecses2.lutheran.hu\/index.php?rest_route=%2Fwp%2Fv2%2Fmedia&parent=215"}],"curies":[{"name":"wp","href":"https:\/\/api.w.org\/{rel}","templated":true}]}}