{"id":20,"date":"2018-02-27T20:50:56","date_gmt":"2018-02-27T20:50:56","guid":{"rendered":"http:\/\/vecses2.lutheran.hu\/?page_id=20"},"modified":"2026-05-03T06:16:11","modified_gmt":"2026-05-03T06:16:11","slug":"elerhetosegek","status":"publish","type":"page","link":"https:\/\/vecses2.lutheran.hu\/?page_id=20","title":{"rendered":"Hivatali adatok"},"content":{"rendered":"<p>H-2220 Vecs\u00e9s, K\u00e1roly u.24.<\/p>\n<p>Heinemann Ildik\u00f3<br \/>\nlelk\u00e9szn\u0151<br \/>\nEmail: ildiko.heinemann@lutheran.hu<br \/>\nTel: +36 20 7700 442<\/p>\n<p>\u00daJ sz\u00e1mlasz\u00e1munk: <b>11784009-22251936-00000000<\/b><\/p>\n<p>A <a href=\"https:\/\/www.facebook.com\/VecsesiEvangelikus\/\">Vecs\u00e9si Evang\u00e9likus Gy\u00fclekezet Facebook oldal\u00e1n<\/a> is megtal\u00e1lhat\u00f3ak vagyunk<br \/>\nA hittanos sz\u00fcl\u0151k levelez\u0151 list\u00e1j\u00e1ra a lelk\u00e9szn\u0151n\u00e9l lehet feljelentkezni.<\/p>\n","protected":false},"excerpt":{"rendered":"<p>H-2220 Vecs\u00e9s, K\u00e1roly u.24. Heinemann Ildik\u00f3 lelk\u00e9szn\u0151 Email: ildiko.heinemann@lutheran.hu Tel: +36 20 7700 442 \u00daJ sz\u00e1mlasz\u00e1munk: 11784009-22251936-00000000 A Vecs\u00e9si Evang\u00e9likus<\/p>\n","protected":false},"author":1,"featured_media":0,"parent":177,"menu_order":0,"comment_status":"closed","ping_status":"closed","template":"","meta":{"footnotes":""},"class_list":["post-20","page","type-page","status-publish","hentry","comments-off"],"_links":{"self":[{"href":"https:\/\/vecses2.lutheran.hu\/index.php?rest_route=\/wp\/v2\/pages\/20","targetHints":{"allow":["GET"]}}],"collection":[{"href":"https:\/\/vecses2.lutheran.hu\/index.php?rest_route=\/wp\/v2\/pages"}],"about":[{"href":"https:\/\/vecses2.lutheran.hu\/index.php?rest_route=\/wp\/v2\/types\/page"}],"author":[{"embeddable":true,"href":"https:\/\/vecses2.lutheran.hu\/index.php?rest_route=\/wp\/v2\/users\/1"}],"replies":[{"embeddable":true,"href":"https:\/\/vecses2.lutheran.hu\/index.php?rest_route=%2Fwp%2Fv2%2Fcomments&post=20"}],"version-history":[{"count":2,"href":"https:\/\/vecses2.lutheran.hu\/index.php?rest_route=\/wp\/v2\/pages\/20\/revisions"}],"predecessor-version":[{"id":1194,"href":"https:\/\/vecses2.lutheran.hu\/index.php?rest_route=\/wp\/v2\/pages\/20\/revisions\/1194"}],"up":[{"embeddable":true,"href":"https:\/\/vecses2.lutheran.hu\/index.php?rest_route=\/wp\/v2\/pages\/177"}],"wp:attachment":[{"href":"https:\/\/vecses2.lutheran.hu\/index.php?rest_route=%2Fwp%2Fv2%2Fmedia&parent=20"}],"curies":[{"name":"wp","href":"https:\/\/api.w.org\/{rel}","templated":true}]}}