{"id":192,"date":"2018-03-03T23:09:46","date_gmt":"2018-03-03T23:09:46","guid":{"rendered":"https:\/\/vecses2.lutheran.hu\/?page_id=192"},"modified":"2018-03-03T23:09:46","modified_gmt":"2018-03-03T23:09:46","slug":"interju-halgasne-takacs-monikaval","status":"publish","type":"page","link":"https:\/\/vecses2.lutheran.hu\/?page_id=192","title":{"rendered":"Interj\u00fa Halgasn\u00e9 Tak\u00e1cs M\u00f3nik\u00e1val"},"content":{"rendered":"<p>&#8222;A MINDENNAPJAIM R\u00c9SZE LETT ISTEN&#8221;<br \/>\n<b>Interj\u00fa a templom\u00e9p\u00edt\u00e9s t\u00f6rt\u00e9net\u00e9r\u0151l Halgasn\u00e9 Tak\u00e1cs M\u00f3nik\u00e1val<\/b><\/p>\n<p><b>\u00c9p\u00edt\u00e9si szakemberk\u00e9nt vesz r\u00e9szt az \u00faj templom k\u00f6r\u00fcli munk\u00e1latokban Halgasn\u00e9 Tak\u00e1cs M\u00f3nika, gy\u00fclekezet\u00fcnk presbitere, aki a templomtervez\u00e9s sikereir\u0151l \u00e9s kudarcair\u00f3l \u00e9s szem\u00e9lyes hit\u00e9r\u0151l is vallott nek\u00fcnk.<\/b><\/p>\n<p><b>Mikor vet\u0151d\u00f6tt fel a templom\u00e9p\u00edt\u00e9s \u00f6tlete? Mikor \u00e9s hogyan kapcsol\u00f3dt\u00e1l be a folyamatba?<\/b><br \/>\n2010-ben gondolt el\u0151sz\u00f6r a presbit\u00e9rium a templom\u00e9p\u00edt\u00e9sre: ahogy a gy\u00fclekezet sz\u00e9pen b\u0151v\u00fclt, a templom megtelt \u00e9lettel, \u00e9s az \u00fcnnepi alkalmakon m\u00e1r nem f\u00e9rt\u00fcnk el a templomban. \u00c9n az els\u0151 fel\u00faj\u00edt\u00e1si terv k\u00e9sz verzi\u00f3j\u00e1t l\u00e1ttam el\u0151sz\u00f6r. Ez a tet\u0151t\u00e9r be\u00e9p\u00edt\u00e9s\u00e9t, a vizesblokk kialak\u00edt\u00e1s\u00e1t \u00e9s az \u00e9p\u00fclet k\u00fcls\u0151 megsz\u00e9p\u00edt\u00e9s\u00e9t c\u00e9lozta. Mivel \u00e9n \u00e9p\u00edt\u0151m\u00e9rn\u00f6kk\u00e9nt v\u00e9geztem, a munk\u00e1m sor\u00e1n \u00e9p\u00fcletg\u00e9p\u00e9szeti, \u00e9p\u00edt\u0151ipari gener\u00e1l kivitelez\u00e9si tapasztalatokra is szert tettem, megbesz\u00e9lt\u00fck, hogy becsatlakozom az egyeztet\u00e9si munk\u00e1latokba. Az anyagi lehet\u0151s\u00e9gekhez pr\u00f3b\u00e1ltuk igaz\u00edtani az akkor k\u00e9sz\u00fclt verzi\u00f3t, de az egyh\u00e1zi hat\u00f3s\u00e1g t\u00f6bb ponton sem tartotta alkalmasnak az alaprajzi elrendez\u00e9st. Az \u00fajabb verzi\u00f3 elk\u00e9sz\u00fclte k\u00f6zben, 2012-ben az akkori forr\u00e1st biztos\u00edt\u00f3 szerz\u0151d\u00e9st felbontatt\u00e1k a gy\u00fclekezettel, \u00edgy leker\u00fclt a napirendr\u0151l az \u00e1talak\u00edt\u00e1s, de akkor m\u00e1r c\u00e9lk\u00e9nt folyamatosan a terveinkben volt. Id\u0151k\u00f6zben \u0096 a presbit\u00e9rium meg\u00faj\u00edt\u00e1sa alkalm\u00e1val \u0096 presbiternek v\u00e1lasztott a gy\u00fclekezet, \u00e9s els\u0151dleges feladatk\u00e9nt a tervez\u00e9shez, \u00e9p\u00edtkez\u00e9shez kapcsol\u00f3d\u00f3 \u00fcgyint\u00e9z\u00e9seket v\u00e1llaltam.<a href=\"https:\/\/vecses2.lutheran.hu\/wp-content\/uploads\/2018\/03\/tempep4.jpg\"><img loading=\"lazy\" decoding=\"async\" class=\"aligncenter size-full wp-image-183\" src=\"https:\/\/vecses2.lutheran.hu\/wp-content\/uploads\/2018\/03\/tempep4.jpg\" alt=\"\" width=\"820\" height=\"546\" \/><\/a><\/p>\n<p><b>Mi lend\u00edtette tov\u00e1bb a templom\u00e9p\u00edt\u00e9s \u00fcgy\u00e9t?<\/b><br \/>\nFolyamatosan figyelt\u00fck a p\u00e1ly\u00e1zati lehet\u0151s\u00e9geket, \u00e9s 2014 december\u00e9ben a lelk\u00e9szn\u0151 tal\u00e1lt egy p\u00e1ly\u00e1zatot, amin nyert\u00fcnk: sajnos csak 9,6 milli\u00f3 forintot, de a k\u00f6vetkez\u0151 \u00e9vi p\u00e1ly\u00e1zatot ism\u00e9t beadtuk. A gy\u00fclekezet is lelkesen bekapcsol\u00f3dott, hogy hozz\u00e1j\u00e1ruljon a k\u00f6lts\u00e9gekhez: kultur\u00e1lis nap szervez\u00e9s\u00e9vel \u00e9s a K\u00e1posztafeszten is gy\u0171jt\u00e9st rendezt\u00fcnk. 2015 janu\u00e1rj\u00e1ban kider\u00fclt, hogy az els\u0151 verzi\u00f3t k\u00e9sz\u00edt\u0151 tervez\u0151vel nem tudunk tov\u00e1bb egy\u00fctt dolgozni, \u00edgy 2015 j\u00fanius\u00e1ban Schliszka Csaba tervez\u0151 \u00farral \u00e1llapodtunk meg, akinek a javaslat\u00e1ra teljesen \u00faj koncepci\u00f3t alak\u00edtottunk ki. A p\u00e1ly\u00e1zati lehet\u0151s\u00e9g rem\u00e9ny\u00e9ben egy l\u00e9nyegesen tetszet\u0151sebb, l\u00e1tv\u00e1nyosabb \u0096 a r\u00e9gi \u00e9p\u00fclethez \u00e9p\u00edtett \u0096 \u00faj templomteret tervezett. Novemberig folytak az egyeztet\u00e9sek az \u00d6nkorm\u00e1nyzattal, illetve az egyh\u00e1zi f\u0151\u00e9p\u00edt\u00e9sszel. 2015. december 3-\u00e1n az egyh\u00e1zi \u00e9p\u00edt\u00e9si oszt\u00e1ly a k\u00e9sz dokument\u00e1ci\u00f3t anyagi fedezet hi\u00e1ny\u00e1ra hivatkozva elutas\u00edtotta, \u00e9s k\u00e9rte, hogy a megl\u00e9v\u0151 \u00e9p\u00fclett\u00f6meget b\u0151v\u00edtve egy egyszer\u0171bb tervet k\u00e9sz\u00edts\u00fcnk. Akkor m\u00e1r nagyon szor\u00edtott benn\u00fcnket az id\u0151, mivel a megnyert p\u00e9nzzel 2016. m\u00e1jus 31-ig el kellett volna sz\u00e1molnunk. Nem adtuk fel, b\u00e1r a lelkesed\u00e9s kiss\u00e9 al\u00e1bbhagyott. Hosszabb\u00edt\u00e1st k\u00e9rt\u00fcnk december 31-ig, \u00e9s nekil\u00e1ttunk az \u00faj koncepci\u00f3nak. A m\u00e1sodik p\u00e1ly\u00e1zaton 22,3 milli\u00f3 forintot kaptunk. Elkezd\u0151dtek az \u00fajabb egyeztet\u00e9sek, \u00e9s megsz\u00fcletett a jelenlegi verzi\u00f3. Okt\u00f3berben v\u00e9gre elindult az \u00e9p\u00edtkez\u00e9s!<\/p>\n<p><b>Nem t\u00e1ntor\u00edtottak el a kudarcok?<\/b><br \/>\nSokat gondolkodtam, t\u00e9pel\u0151dtem az elm\u00falt \u00e9vek kudarcai sor\u00e1n, hogy vajon t\u00e9nyleg sz\u00fcks\u00e9g van-e \u00faj templomra. Tal\u00e1n tavaly el\u0151tt, egy adventi istentisztelet alkalm\u00e1val k\u00f6r\u00fcln\u00e9ztem a templomban, \u00e9s bel\u00e9m ny\u00edlalt az \u00e9rz\u00e9s: mi\u00e9rt akarom \u00e9n b\u00e1ntani ezt a templomot? Az istentisztelet hangulata t\u00f6k\u00e9letes volt. Azt\u00e1n arra gondoltam, hogy a kudarcok nem az \u00faj templom sz\u00fcks\u00e9gess\u00e9g\u00e9t k\u00e9rd\u0151jelezik meg, hanem megtan\u00edtanak megbecs\u00fclni az oda vezet\u0151 \u00fat adta tapasztalatokat, \u00e9lm\u00e9nyeket, kapcsolatokat. Meger\u0151s\u00f6dtem abban, hogy a templom kib\u0151v\u00edt\u00e9se, \u00e1t\u00e9p\u00edt\u00e9se n\u00e9lk\u00fcl\u00f6zhetetlen. Az \u00e9p\u00fclet k\u00fcls\u0151 megjelen\u00e9se nem nek\u00fcnk fontos, akik m\u00e1r oda j\u00e1runk, akik tudjuk, hogy ennek nincs szerepe Istennel val\u00f3 kapcsolatunkban. Erre az\u00e9rt van sz\u00fcks\u00e9g, hogy a m\u00e9g be nem t\u00e9rt embereket is be tudjuk csalogatni a csillog\u00f3\u00ac-villog\u00f3 \u00e9lm\u00e9nyeket ny\u00fajt\u00f3 rohan\u00f3 vil\u00e1gb\u00f3l. Hogy ne elb\u00fajjunk hit\u00fcnkkel, hanem ak\u00e1r \u0096 j\u00f3 \u00e9rtelemben vett \u0096 magamutogat\u00e1ssal is felh\u00edvjuk a figyelm\u00e9t azoknak, akik ezt m\u00e9g nem tapasztalt\u00e1k meg. Lehet\u0151s\u00e9g legyen megmutatni a k\u00f6z\u00f6ss\u00e9g\u00fcnk adta \u00e9lm\u00e9nyeket m\u00e9g t\u00f6bb fiatalnak, akik majd, ha m\u00e1r k\u00f6z\u00f6tt\u00fcnk lesznek, maguk is megtapasztalhass\u00e1k, hogy mi a fontos. Persze az \u00e9p\u00edtett t\u00e9rnek fizikai korl\u00e1tai vannak, \u00edgy nek\u00fcnk is fontos, hogy min\u00e9l t\u00f6bben elf\u00e9rj\u00fcnk, hogy helyben keresztel\u0151t, esk\u00fcv\u0151t tudjunk tartani. Hogy az istentiszteleten Istenre \u00e9s magunkra tudjunk koncentr\u00e1lni, ne a leveg\u0151tlens\u00e9gre, hidegre, vagy az \u00e1ll\u00f3 emberek mocorg\u00e1s\u00e1ra\u0085 Sz\u00e9p k\u00f6rnyezetben k\u00f6nnyebb \u00fcnnepl\u0151be \u00f6lt\u00f6ztetni a lelk\u00fcnket is!<\/p>\n<p><b>Milyen \u00e9rz\u00e9sekkel gondolsz az \u00e9p\u00edtkez\u00e9si munk\u00e1latokra?<\/b> Nagy \u00f6r\u00f6m sz\u00e1momra, de a neheze most j\u00f6n m\u00e9g igaz\u00e1n. Sok munka van h\u00e1tra az \u00e9p\u00edtkez\u00e9s megval\u00f3sul\u00e1s\u00e1ig. Sz\u00e1munkra, akik napi szinten foglalkozunk az \u00e9p\u00edtkez\u00e9ssel, ez nagyobb felel\u0151ss\u00e9get is jelent. Most kell igaz\u00e1n odafigyelni, hogy a rendelkez\u00e9sre \u00e1ll\u00f3 p\u00e9nzb\u0151l, minden el\u0151\u00edr\u00e1st figyelembe v\u00e9ve a lehet\u0151 legjobbat, legt\u00f6bbet hozzuk ki. A m\u00e9g hi\u00e1nyz\u00f3 anyagi fedezetet is el\u0151 kell teremteni. A lelk\u00e9szn\u0151 \u00e9s a gy\u00fclekezet mindennapjai is felbolydultak az \u00e9p\u00edtkez\u00e9s miatt. A gy\u00fclekezetben is nagy lett az izgalom, amit j\u00f3 ir\u00e1nyba kell tereln\u00fcnk k\u00f6z\u00f6s er\u0151vel, hogy a k\u00f6z\u00f6ss\u00e9g\u00fcnk \u00e9p\u00fclj\u00f6n ez\u00e1ltal. Lelkesen k\u00e9sz\u00fcl mindenki az alapk\u0151 let\u00e9teli \u00fcnnepi istentiszteletre \u00e9s a november v\u00e9gi adventi adom\u00e1nygy\u0171jt\u00e9sre.<\/p>\n<p><b>Jelent v\u00e1ltoz\u00e1st az Istennel val\u00f3 kapcsolatodban az, hogy az \u00e9p\u00edtkez\u00e9snek akt\u00edv r\u00e9szese vagy?<\/b><br \/>\nTerm\u00e9szetesen, ahogy sok minden v\u00e1ltozik k\u00f6r\u00fcl\u00f6ttem, \u00fajabb \u00e9s \u00fajabb k\u00e9rd\u00e9sek mer\u00fclnek fel bennem, m\u00e1s n\u00e9z\u0151pontb\u00f3l l\u00e1tok dolgokat, m\u00e1shogy \u00e9rt\u00e9kelek embereket, t\u00f6rt\u00e9n\u00e9seket. A templom\u00e9p\u00edt\u00e9s, b\u00e1rhogy tagadn\u00e1m is, egy k\u00fcl\u00f6nleges dolog sz\u00e1momra. T\u00f6bbsz\u00f6r n\u00e9zek magamba, hogy m\u00e9lt\u00f3 vagyok-e a feladatra; hogy jogom van-e befoly\u00e1solni d\u00f6nt\u00e9seket \u00e9s hogy t\u00e9nyleg tagja vagyok-e a k\u00f6z\u00f6ss\u00e9gnek. T\u00f6bbet im\u00e1dkozom, a mindennapjaim r\u00e9sze lett Isten.<\/p>\n<p>**Megjelent a VELE gy\u00fclekezeti \u00fajs\u00e1g 2016\/1. sz\u00e1m\u00e1ban.<\/p>\n","protected":false},"excerpt":{"rendered":"<p>&#8222;A MINDENNAPJAIM R\u00c9SZE LETT ISTEN&#8221; Interj\u00fa a templom\u00e9p\u00edt\u00e9s t\u00f6rt\u00e9net\u00e9r\u0151l Halgasn\u00e9 Tak\u00e1cs M\u00f3nik\u00e1val \u00c9p\u00edt\u00e9si szakemberk\u00e9nt vesz r\u00e9szt az \u00faj templom k\u00f6r\u00fcli<\/p>\n","protected":false},"author":1,"featured_media":0,"parent":130,"menu_order":0,"comment_status":"closed","ping_status":"closed","template":"","meta":{"footnotes":""},"class_list":["post-192","page","type-page","status-publish","hentry","comments-off"],"_links":{"self":[{"href":"https:\/\/vecses2.lutheran.hu\/index.php?rest_route=\/wp\/v2\/pages\/192","targetHints":{"allow":["GET"]}}],"collection":[{"href":"https:\/\/vecses2.lutheran.hu\/index.php?rest_route=\/wp\/v2\/pages"}],"about":[{"href":"https:\/\/vecses2.lutheran.hu\/index.php?rest_route=\/wp\/v2\/types\/page"}],"author":[{"embeddable":true,"href":"https:\/\/vecses2.lutheran.hu\/index.php?rest_route=\/wp\/v2\/users\/1"}],"replies":[{"embeddable":true,"href":"https:\/\/vecses2.lutheran.hu\/index.php?rest_route=%2Fwp%2Fv2%2Fcomments&post=192"}],"version-history":[{"count":0,"href":"https:\/\/vecses2.lutheran.hu\/index.php?rest_route=\/wp\/v2\/pages\/192\/revisions"}],"up":[{"embeddable":true,"href":"https:\/\/vecses2.lutheran.hu\/index.php?rest_route=\/wp\/v2\/pages\/130"}],"wp:attachment":[{"href":"https:\/\/vecses2.lutheran.hu\/index.php?rest_route=%2Fwp%2Fv2%2Fmedia&parent=192"}],"curies":[{"name":"wp","href":"https:\/\/api.w.org\/{rel}","templated":true}]}}