{"id":186,"date":"2018-03-03T23:04:46","date_gmt":"2018-03-03T23:04:46","guid":{"rendered":"https:\/\/vecses2.lutheran.hu\/?page_id=186"},"modified":"2018-03-03T23:04:46","modified_gmt":"2018-03-03T23:04:46","slug":"tamogatas","status":"publish","type":"page","link":"https:\/\/vecses2.lutheran.hu\/?page_id=186","title":{"rendered":"T\u00e1mogat\u00e1s"},"content":{"rendered":"<h4>HOGYAN T\u00c1MOGATHATOM A TEMPLOM \u00c9P\u00cdT\u00c9S\u00c9T?<\/h4>\n<p>Aki adom\u00e1nnyal szeretn\u00e9 t\u00e1mogatni a templom \u00e9p\u00edt\u00e9s\u00e9t, a k\u00f6vetkez\u0151 sz\u00e1mlasz\u00e1mon utalhat \u00e1t p\u00e9nz\u00f6sszeget a gy\u00fclekezet r\u00e9sz\u00e9re: 65100091-10098316.<br \/>\nA k\u00fcl\u00f6nb\u00f6z\u0151 v\u00e1rosi rendezv\u00e9nyeken, ahol jelen van gy\u00fclekezet\u00fcnk, szint\u00e9n tudnak benn\u00fcnket t\u00e1mogatni &#8211; a K\u00e1posztafeszten az evang\u00e9likus s\u00e1torban k\u00e9sz\u00edtett \u00e9telek, a Mindenki kar\u00e1csony\u00e1n \u00e9s k\u00e9zm\u0171ves v\u00e1s\u00e1rokon term\u00e9keink megv\u00e1s\u00e1rl\u00e1s\u00e1val. Az \u00e9nekkar \u00e9s az ifj\u00fas\u00e1g \u00e9nekes \u00e9s sz\u00edni el\u0151ad\u00e1sain szint\u00e9n a templom \u00e9p\u00fcl\u00e9s\u00e9re, sz\u00e9p\u00fcl\u00e9s\u00e9re gy\u0171jt\u00fcnk. Ezzel a c\u00e9llal rendezz\u00fck meg kultur\u00e1lis napjainkat a B\u00e1lint \u00c1gnes Kultur\u00e1lis K\u00f6zpontban. Ezekr\u0151l id\u0151r\u0151l id\u0151re h\u00edrt adunk <a href=\"http:\/\/vecses2.lutheran.hu\/\">honlapunkon<\/a> \u00e9s <a href=\"https:\/\/www.facebook.com\/VecsesiEvangelikus\/\">Facebook oldalunkon<\/a>.<\/p>\n","protected":false},"excerpt":{"rendered":"<p>HOGYAN T\u00c1MOGATHATOM A TEMPLOM \u00c9P\u00cdT\u00c9S\u00c9T? Aki adom\u00e1nnyal szeretn\u00e9 t\u00e1mogatni a templom \u00e9p\u00edt\u00e9s\u00e9t, a k\u00f6vetkez\u0151 sz\u00e1mlasz\u00e1mon utalhat \u00e1t p\u00e9nz\u00f6sszeget a gy\u00fclekezet<\/p>\n","protected":false},"author":1,"featured_media":0,"parent":130,"menu_order":0,"comment_status":"closed","ping_status":"closed","template":"","meta":{"footnotes":""},"class_list":["post-186","page","type-page","status-publish","hentry","comments-off"],"_links":{"self":[{"href":"https:\/\/vecses2.lutheran.hu\/index.php?rest_route=\/wp\/v2\/pages\/186","targetHints":{"allow":["GET"]}}],"collection":[{"href":"https:\/\/vecses2.lutheran.hu\/index.php?rest_route=\/wp\/v2\/pages"}],"about":[{"href":"https:\/\/vecses2.lutheran.hu\/index.php?rest_route=\/wp\/v2\/types\/page"}],"author":[{"embeddable":true,"href":"https:\/\/vecses2.lutheran.hu\/index.php?rest_route=\/wp\/v2\/users\/1"}],"replies":[{"embeddable":true,"href":"https:\/\/vecses2.lutheran.hu\/index.php?rest_route=%2Fwp%2Fv2%2Fcomments&post=186"}],"version-history":[{"count":0,"href":"https:\/\/vecses2.lutheran.hu\/index.php?rest_route=\/wp\/v2\/pages\/186\/revisions"}],"up":[{"embeddable":true,"href":"https:\/\/vecses2.lutheran.hu\/index.php?rest_route=\/wp\/v2\/pages\/130"}],"wp:attachment":[{"href":"https:\/\/vecses2.lutheran.hu\/index.php?rest_route=%2Fwp%2Fv2%2Fmedia&parent=186"}],"curies":[{"name":"wp","href":"https:\/\/api.w.org\/{rel}","templated":true}]}}