{"id":177,"date":"2018-03-03T22:55:35","date_gmt":"2018-03-03T22:55:35","guid":{"rendered":"https:\/\/vecses2.lutheran.hu\/?page_id=177"},"modified":"2018-03-03T22:55:35","modified_gmt":"2018-03-03T22:55:35","slug":"rolunk","status":"publish","type":"page","link":"https:\/\/vecses2.lutheran.hu\/?page_id=177","title":{"rendered":"R\u00f3lunk"},"content":{"rendered":"<p>Szeretettel k\u00f6sz\u00f6ntj\u00fck kedves vend\u00e9g\u00fcnket honlapunkon!<\/p>\n<p>A Vecs\u00e9si Evang\u00e9likus Egyh\u00e1zk\u00f6zs\u00e9g a Magyarorsz\u00e1gi Evang\u00e9likus Egyh\u00e1z egyik gy\u00fclekezete. Mi, evang\u00e9likusok haz\u00e1nkban a harmadik legnagyobb kereszt\u00e9ny felekezet vagyunk. B\u00fcszk\u00e9k vagyunk arra, hogy a reform\u00e1ci\u00f3 els\u0151 nagy szem\u00e9lyis\u00e9g\u00e9nek, Luther M\u00e1rtonnak szellemi \u00f6r\u00f6k\u00f6sei lehet\u00fcnk.<\/p>\n<p>Vecs\u00e9sen, \u00e9s a gy\u00fclekezethez tartoz\u00f3 m\u00e1sik k\u00e9t v\u00e1rosban, Gy\u00e1lon \u00e9s \u00dcll\u0151n kisebbs\u00e9gben, sz\u00f3rv\u00e1nyhelyzetben \u00e9lnek az evang\u00e9likusok. K\u00f6z\u00f6ss\u00e9g\u00fcnk kis l\u00e9tsz\u00e1m\u00fa, viszont bar\u00e1ts\u00e1gos, nyitott, szeretetteljes, egym\u00e1shoz ragaszkod\u00f3, egym\u00e1st sz\u00e1mon tart\u00f3, hitb\u0151l \u00e9l\u0151 emberekb\u0151l \u00e1ll.<\/p>\n<p>Hit\u00fcnk \u00f6sszefoglal\u00f3ja az az evang\u00e9liumi mondat, amit J\u00e1nos evang\u00e9lium\u00e1nak 3. fejezet\u00e9nek 16. vers\u00e9ben tal\u00e1lunk: &#8222;\u00dagy szerette Isten a vil\u00e1got, hogy egysz\u00fcl\u00f6tt fi\u00e1t adta, hogy aki hisz \u0151benne el ne vesszen, hanem \u00f6r\u00f6k \u00e9lete legyen.&#8221;<\/p>\n<p>Rem\u00e9lj\u00fck, hogy szem\u00e9lyesen is tal\u00e1lkozhatunk. Addig is hadd ny\u00fajtsunk egy kis bepillant\u00e1st gy\u00fclekezet\u00fcnk \u00e9let\u00e9be: honlapunkon megtal\u00e1lhat\u00f3k az alapvet\u0151 inform\u00e1ci\u00f3k az egyh\u00e1zk\u00f6zs\u00e9g rendszeres alkalmair\u00f3l, el\u00e9rhet\u0151s\u00e9geir\u0151l. K\u00e9pes besz\u00e1mol\u00f3kkal adunk h\u00edrt k\u00f6z\u00f6ss\u00e9g\u00fcnk esem\u00e9nyeir\u0151l.<\/p>\n","protected":false},"excerpt":{"rendered":"<p>Szeretettel k\u00f6sz\u00f6ntj\u00fck kedves vend\u00e9g\u00fcnket honlapunkon! A Vecs\u00e9si Evang\u00e9likus Egyh\u00e1zk\u00f6zs\u00e9g a Magyarorsz\u00e1gi Evang\u00e9likus Egyh\u00e1z egyik gy\u00fclekezete. Mi, evang\u00e9likusok haz\u00e1nkban a harmadik<\/p>\n","protected":false},"author":1,"featured_media":0,"parent":0,"menu_order":0,"comment_status":"closed","ping_status":"closed","template":"","meta":{"footnotes":""},"class_list":["post-177","page","type-page","status-publish","hentry","comments-off"],"_links":{"self":[{"href":"https:\/\/vecses2.lutheran.hu\/index.php?rest_route=\/wp\/v2\/pages\/177","targetHints":{"allow":["GET"]}}],"collection":[{"href":"https:\/\/vecses2.lutheran.hu\/index.php?rest_route=\/wp\/v2\/pages"}],"about":[{"href":"https:\/\/vecses2.lutheran.hu\/index.php?rest_route=\/wp\/v2\/types\/page"}],"author":[{"embeddable":true,"href":"https:\/\/vecses2.lutheran.hu\/index.php?rest_route=\/wp\/v2\/users\/1"}],"replies":[{"embeddable":true,"href":"https:\/\/vecses2.lutheran.hu\/index.php?rest_route=%2Fwp%2Fv2%2Fcomments&post=177"}],"version-history":[{"count":0,"href":"https:\/\/vecses2.lutheran.hu\/index.php?rest_route=\/wp\/v2\/pages\/177\/revisions"}],"wp:attachment":[{"href":"https:\/\/vecses2.lutheran.hu\/index.php?rest_route=%2Fwp%2Fv2%2Fmedia&parent=177"}],"curies":[{"name":"wp","href":"https:\/\/api.w.org\/{rel}","templated":true}]}}