{"id":128,"date":"2018-03-07T21:45:29","date_gmt":"2018-03-07T21:45:29","guid":{"rendered":"http:\/\/vecses2.lutheran.hu\/?page_id=128"},"modified":"2018-03-07T21:45:29","modified_gmt":"2018-03-07T21:45:29","slug":"hit-es-erkolcstan","status":"publish","type":"page","link":"https:\/\/vecses2.lutheran.hu\/?page_id=128","title":{"rendered":"Hit- \u00e9s Erk\u00f6lcstan"},"content":{"rendered":"<h4>\u00c9letreval\u00f3, gyermekk\u00f6zpont\u00fa, biblikus<\/h4>\n<p><!--more--><\/p>\n<p><a href=\"https:\/\/vecses2.lutheran.hu\/wp-content\/uploads\/2018\/03\/konfisok.jpg\"><img loading=\"lazy\" decoding=\"async\" class=\"wp-image-259 size-medium alignleft\" src=\"https:\/\/vecses2.lutheran.hu\/wp-content\/uploads\/2018\/03\/konfisok-300x225.jpg\" alt=\"\" width=\"300\" height=\"225\" \/><\/a>A szeptembert\u0151l els\u0151 \u00e9s \u00f6t\u00f6dik oszt\u00e1lyba l\u00e9p\u0151 gyermekek sz\u00e1m\u00e1ra k\u00f6telez\u0151 erk\u00f6lcstan\u00f3r\u00e1ra vagy hit-\u00e9s erk\u00f6lcstan\u00f3r\u00e1ra j\u00e1rni. A hit- \u00e9s erk\u00f6lcstan a hittan\u00f3ra \u0084ut\u00f3dja\u0094 az iskol\u00e1kban, azzal a k\u00fcl\u00f6nbs\u00e9ggel, hogy az \u00f3rarendbe iktatt\u00e1k, teh\u00e1t lehet az els\u0151, a m\u00e1sodik, a harmadik \u00f3r\u00e1ban is. De ugyan\u00fagy a hittan\u00e1r vagy a lelk\u00e9sz tartja ezt az \u00f3r\u00e1t, amelynek tartalma kib\u0151v\u00fcl: ezent\u00fal a kereszt\u00e9ny hit k\u00e9rd\u00e9sei mellett hangs\u00falyosan foglalkozunk erk\u00f6lcstani k\u00e9rd\u00e9sekkel is.<\/p>\n<h5>Mi a k\u00fcl\u00f6nbs\u00e9g az erk\u00f6lcstan \u00e9s a hit- \u00e9s erk\u00f6lcstan\u00f3ra k\u00f6z\u00f6tt?<\/h5>\n<p>Az erk\u00f6lcstan\u00f3r\u00e1ra j\u00e1r\u00f3 gyerek megtanulja majd, hogy mi a csal\u00e1d \u00e9s a bar\u00e1ts\u00e1g, a hit- \u00e9s erk\u00f6lcstan\u00f3r\u00e1ra j\u00e1r\u00f3 t\u00e1rsai pedig ugyanezt J\u00f3zsef \u00e9s csal\u00e1dj\u00e1nak t\u00f6rt\u00e9nete, valamint D\u00e1vid \u00e9s Jon\u00e1t\u00e1n bar\u00e1ts\u00e1ga kapcs\u00e1n fogj\u00e1k felfedezni. Viszont csak az ut\u00f3bbiak fognak arr\u00f3l is hallani, hogy mi\u00e9rt fontos a <strong>megbocs\u00e1t\u00e1s<\/strong>, mit jelent <strong>szabadnak lenni<\/strong> \u00e9let\u00fcnk terheit\u0151l, b\u0171neit\u0151l, vagy arr\u00f3l, hogyan tapasztalhat\u00f3 meg Teremt\u0151nk szeretete. \u00c9ppen ez\u00e9rt \u00c9LETREVAL\u00d3 az evang\u00e9likus hit- \u00e9s erk\u00f6lcstanoktat\u00e1s. Olyan \u00e9rt\u00e9keket mutat meg, amelyek n\u00e9lk\u00fcl\u00f6zhetetlenek a boldog, <strong>kiegyens\u00falyozott \u00e9lethez<\/strong>.<\/p>\n<p>Hittan\u00f3r\u00e1nk GYERMEKK\u00d6ZPONT\u00da: gondosan <a href=\"https:\/\/vecses2.lutheran.hu\/wp-content\/uploads\/2018\/03\/eletrevalo.jpg\"><img loading=\"lazy\" decoding=\"async\" class=\"wp-image-258 size-medium alignright\" src=\"https:\/\/vecses2.lutheran.hu\/wp-content\/uploads\/2018\/03\/eletrevalo-300x234.jpg\" alt=\"\" width=\"300\" height=\"234\" \/><\/a>elk\u00e9sz\u00edtett tanterveink, tank\u00f6nyveink \u00e9s tan\u00edt\u00e1si m\u00f3dszereink nemcsak a gyerekek \u00e9letkor\u00e1hoz alkalmazkodnak, hanem az adott csoporthoz \u00e9s az egy\u00e9nekhez is. Sokszor fordulunk<strong> alternat\u00edv m\u00f3dszerek<\/strong>hez, gyakran <strong>bibliodr\u00e1ma<\/strong> keret\u00e9ben dolgozzuk fel a tananyagot. Minden \u00f3r\u00e1n sz\u00e1mos illusztr\u00e1ci\u00f3val tessz\u00fck \u00e9rthet\u0151v\u00e9 az ismeretlen fogalmakat, a r\u00e9gi t\u00f6rt\u00e9neteket. A legt\u00f6bb tan\u00f3r\u00e1t \u00e9nekl\u00e9ssel gazdag\u00edtjuk, amely az <strong>emberi szellemet \u00e9s lelket felszabad\u00edtja<\/strong>, \u00e9s seg\u00edti a csoport tagjai k\u00f6z\u00f6tti szorosabb kapcsolat kialakul\u00e1s\u00e1t. Fontosnak tartjuk az <strong>\u00e9lm\u00e9nyszer\u0171<\/strong> oktat\u00e1st.<\/p>\n<p>A hit- \u00e9s erk\u00f6lcstan\u00f3r\u00e1k t\u00e1rgya J\u00e9zus \u00e9lete \u00e9s tan\u00edt\u00e1sa, az \u00f6nismeret, az emberi kapcsolatok, illetve a k\u00f6z\u00f6ss\u00e9g \u00e9s a k\u00f6rnyezet jelent\u0151s\u00e9ge \u00e9let\u00fcnkben. Ugyanakkor az oktat\u00e1s BIBLIKUS: minden t\u00e9m\u00e1t egy-egy bibliai t\u00f6rt\u00e9nettel, t\u00f6rt\u00e9netfolyammal vil\u00e1g\u00edtunk meg. A gyerekek term\u00e9szetesen sokat profit\u00e1lnak majd k\u00e9s\u0151bb is abb\u00f3l, hogy<strong> az eur\u00f3pai kult\u00fara alapj\u00e1t k\u00e9pez\u0151 <a href=\"https:\/\/vecses2.lutheran.hu\/wp-content\/uploads\/2018\/03\/aldas2.jpg\"><img loading=\"lazy\" decoding=\"async\" class=\"size-medium wp-image-257 alignleft\" src=\"https:\/\/vecses2.lutheran.hu\/wp-content\/uploads\/2018\/03\/aldas2-200x300.jpg\" alt=\"\" width=\"200\" height=\"300\" \/><\/a>Biblia<\/strong> sz\u00f6veg\u00e9t ismerik \u00e9s j\u00f3l \u00e9rtelmezik.<\/p>\n<p>A hit- \u00e9s erk\u00f6lcstan\u00f3r\u00e1ra val\u00f3 <strong>jelentkez\u00e9s<\/strong>r\u0151l a sz\u00fcl\u0151 d\u00f6nt az els\u0151s gyermek beiratkoz\u00e1sakor, (k\u00fcl\u00f6n nyilatkozati lapon), illetve az \u00f6t\u00f6dikes gyerekek sz\u00fclei m\u00e1jus 20-ig nyilatkoznak v\u00e1laszt\u00e1sukr\u00f3l az iskol\u00e1ban. Az els\u0151s sz\u00fcl\u0151k gyermekei m\u00e1jus 20-ig v\u00e1ltoztathatnak m\u00e9g egyszer eredeti d\u00f6nt\u00e9s\u00fck\u00f6n.<br \/>\n<strong>Nem k\u00f6vetelm\u00e9ny a kereszts\u00e9g<\/strong>, b\u00e1rkit sz\u00edvesen l\u00e1tunk \u00f3r\u00e1inkon.<\/p>\n<p><a href=\"http:\/\/hitoktatas2.lutheran.hu\/\">Olvassa el kerettanterveinket!<\/a><\/p>\n<p><a href=\"https:\/\/www.youtube.com\/watch?v=a7wshllFNJk\">V\u00e1laszd az evang\u00e9likus hit- \u00e9s erk\u00f6lcstant!<\/a><\/p>\n<h3>Mi\u00e9rt tartom fontosnak, hogy a gyermekem hittan\u00f3r\u00e1ra j\u00e1rjon?<\/h3>\n<p>&nbsp;<\/p>\n<blockquote>\n<p style=\"text-align: center;\">&#8222;\u00dagy gondolom, hogy a gyermekeim lelki fejl\u0151d\u00e9s\u00e9ben meghat\u00e1roz\u00f3 szerepet kap a hittan. A bibliai t\u00f6rt\u00e9neteken kereszt\u00fcl olyan viselked\u00e9si norm\u00e1kat, tanuls\u00e1gokat ismernek meg, amelyek eg\u00e9sz \u00e9let\u00fckben elk\u00eds\u00e9rik \u0151ket, seg\u00edtenek Isten parancsolatai szerint, testv\u00e9ri szeretetben \u00e9lni, jobb emberr\u00e9 v\u00e1lni. A gy\u00fclekezetben hallgathatj\u00e1k az \u00f6r\u00f6mh\u00edrt, megtapasztalhatj\u00e1k k\u00f6z\u00f6ss\u00e9gform\u00e1l\u00f3 erej\u00e9t, a k\u00f6z\u00f6s im\u00e1ds\u00e1g \u00f6r\u00f6m\u00e9t.&#8221;<br \/>\n<strong>Schmidt K\u00e1roly, m\u00e9rn\u00f6k, k\u00f6zgazd\u00e1sz<\/strong><\/p>\n<\/blockquote>\n<blockquote>\n<p style=\"text-align: center;\">&#8222;A csal\u00e1dban hosszan visszamen\u0151en evang\u00e9likus vall\u00e1s\u00fa mindenki, \u00edgy az evang\u00e9likus hit ir\u00e1nti elk\u00f6telezetts\u00e9g m\u00e9ly gy\u00f6kereket vert benn\u00fcnk. Term\u00e9szetesnek tartjuk a hitt\u00f6rt\u00e9net megismer\u00e9s\u00e9t \u00e9s a t\u00edzparancsolat \u00f6r\u00f6k igazs\u00e1g\u00e1nak \u00e1t\u00e9l\u00e9s\u00e9t.&#8221;<br \/>\n<strong>Csirkovics Katalin, tan\u00e1r<\/strong><\/p>\n<\/blockquote>\n<blockquote>\n<p style=\"text-align: center;\">&#8222;Gyermekeink feln\u0151tt\u00e9 v\u00e1l\u00e1sukig sok kisebb-nagyobb k\u00f6z\u00f6ss\u00e9gnek a tagjai. Sz\u00fcl\u0151i felel\u0151ss\u00e9g\u00fcnk, hogy a sok testet \u00e9s elm\u00e9t fejleszt\u0151 tev\u00e9kenys\u00e9g mellett id\u0151t \u00e9s teret biztos\u00edtsunk nekik arra is, hogy megismerkedjenek Isten ig\u00e9j\u00e9vel \u00e9s a kereszt\u00e9ny \u00e9rt\u00e9kekkel, tan\u00edt\u00e1sokkal. Mi, vecs\u00e9siek, abban a szerencs\u00e9s helyzetben vagyunk, hogy lelk\u00e9szn\u0151nk kiemelt hangs\u00falyt helyez arra, hogy gyermekeink megtal\u00e1lj\u00e1k hely\u00fcket az evang\u00e9likus k\u00f6z\u00f6ss\u00e9gben. A konfirm\u00e1ci\u00f3 az az esem\u00e9ny, amikor a fiatalok a gy\u00fclekezet tagjai el\u0151tt bizonys\u00e1got tesznek hit\u00fckr\u0151l. Fontosnak \u00e9s meghat\u00e1roz\u00f3nak tartom ezt a pillanatot gyermekeink \u00e9let\u00e9ben, hiszen Istennel \u00e9s a gy\u00fclekezettel val\u00f3 k\u00f6z\u00f6ss\u00e9g\u00fck olyan er\u0151s k\u00f6tel\u00e9k lehet majd sz\u00e1mukra, amelyre bizton sz\u00e1m\u00edthatnak, b\u00e1rhov\u00e1 sodorja is \u0151ket az \u00e9let. K\u00f6sz\u00f6nj\u00fck lelk\u00e9szn\u0151nk e t\u00e9ren v\u00e9gzett f\u00e1radhatatlan munk\u00e1j\u00e1t.&#8221;<br \/>\n<strong>T\u00f3thn\u00e9 Alm\u00e1ssy M\u00f3nika, k\u00f3rh\u00e1zpedag\u00f3gus<\/strong><\/p>\n<\/blockquote>\n","protected":false},"excerpt":{"rendered":"<p>\u00c9letreval\u00f3, gyermekk\u00f6zpont\u00fa, biblikus<\/p>\n","protected":false},"author":1,"featured_media":318,"parent":126,"menu_order":0,"comment_status":"closed","ping_status":"closed","template":"","meta":{"footnotes":""},"class_list":["post-128","page","type-page","status-publish","has-post-thumbnail","hentry","comments-off"],"_links":{"self":[{"href":"https:\/\/vecses2.lutheran.hu\/index.php?rest_route=\/wp\/v2\/pages\/128","targetHints":{"allow":["GET"]}}],"collection":[{"href":"https:\/\/vecses2.lutheran.hu\/index.php?rest_route=\/wp\/v2\/pages"}],"about":[{"href":"https:\/\/vecses2.lutheran.hu\/index.php?rest_route=\/wp\/v2\/types\/page"}],"author":[{"embeddable":true,"href":"https:\/\/vecses2.lutheran.hu\/index.php?rest_route=\/wp\/v2\/users\/1"}],"replies":[{"embeddable":true,"href":"https:\/\/vecses2.lutheran.hu\/index.php?rest_route=%2Fwp%2Fv2%2Fcomments&post=128"}],"version-history":[{"count":0,"href":"https:\/\/vecses2.lutheran.hu\/index.php?rest_route=\/wp\/v2\/pages\/128\/revisions"}],"up":[{"embeddable":true,"href":"https:\/\/vecses2.lutheran.hu\/index.php?rest_route=\/wp\/v2\/pages\/126"}],"wp:featuredmedia":[{"embeddable":true,"href":"https:\/\/vecses2.lutheran.hu\/index.php?rest_route=\/"}],"wp:attachment":[{"href":"https:\/\/vecses2.lutheran.hu\/index.php?rest_route=%2Fwp%2Fv2%2Fmedia&parent=128"}],"curies":[{"name":"wp","href":"https:\/\/api.w.org\/{rel}","templated":true}]}}