{"id":126,"date":"2018-03-07T22:00:55","date_gmt":"2018-03-07T22:00:55","guid":{"rendered":"http:\/\/vecses2.lutheran.hu\/?page_id=126"},"modified":"2018-03-07T22:00:55","modified_gmt":"2018-03-07T22:00:55","slug":"hittanorak","status":"publish","type":"page","link":"https:\/\/vecses2.lutheran.hu\/?page_id=126","title":{"rendered":"Hittan\u00f3r\u00e1k"},"content":{"rendered":"<p><a href=\"https:\/\/vecses2.lutheran.hu\/wp-content\/uploads\/2018\/03\/hittan.jpg\"><img loading=\"lazy\" decoding=\"async\" class=\"size-medium wp-image-276 alignleft\" src=\"https:\/\/vecses2.lutheran.hu\/wp-content\/uploads\/2018\/03\/hittan-300x225.jpg\" alt=\"\" width=\"300\" height=\"225\" \/><\/a>A hittan\u00f3r\u00e1kat \u00e9rint\u0151 v\u00e1ltoz\u00e1sokr\u00f3l, a hit- \u00e9s erk\u00f6lcstan\u00f3r\u00e1kr\u00f3l <a href=\"https:\/\/vecses2.lutheran.hu\/alkalmak\/hit-es-erkolcstan\/\">ide kattintva<\/a> olvashat.<\/p>\n<p>A gyerekeknek \u00e9v k\u00f6zben az iskol\u00e1kban \u00e9s az \u00f3vod\u00e1kban hittan\u00f3r\u00e1kat tartunk. Az <strong>\u00f3vod\u00e1ban<\/strong> elj\u00e1tsszuk a bibliai t\u00f6rt\u00e9neteket, sz\u00ednez\u00fcnk, feladatokat oldunk meg, vagy k\u00e1rty\u00e1kon k\u00f6vetj\u00fck v\u00e9gig, hogy az \u00d3sz\u00f6vets\u00e9g \u00e9s az \u00dajsz\u00f6vets\u00e9g szerepl\u0151i mit cselekedtek. Tanulunk D\u00e1vidr\u00f3l, aki legy\u0151zte G\u00f3li\u00e1tot; M\u00f3zesr\u0151l, akit egy kos\u00e1rban rejtett el az anyuk\u00e1ja; \u00e9s besz\u00e9l\u00fcnk arr\u00f3l is, hogy J\u00e9zus hogyan gy\u00f3gy\u00edtotta meg a betegeket. Term\u00e9szetesen a hittan\u00f3r\u00e1n elmaradhatatlan a git\u00e1ros \u00e9nekl\u00e9s!<\/p>\n<p>Az iskol\u00e1s gyerekek m\u00e1r tank\u00f6nyvb\u0151l k\u00f6vethetik v\u00e9gig a bibliai esem\u00e9nyeket.<a href=\"https:\/\/vecses2.lutheran.hu\/wp-content\/uploads\/2018\/03\/babozas.jpg\"><img loading=\"lazy\" decoding=\"async\" class=\"size-medium wp-image-275 alignright\" src=\"https:\/\/vecses2.lutheran.hu\/wp-content\/uploads\/2018\/03\/babozas-300x199.jpg\" alt=\"\" width=\"300\" height=\"199\" \/><\/a><\/p>\n<p>Tank\u00f6nyveinket evang\u00e9likus lelk\u00e9szek \u00e9s hitoktat\u00f3k \u00edrt\u00e1k &#8211; t\u00f6bbek k\u00f6z\u00f6tt vecs\u00e9si lelk\u00e9sz\u00fcnk, Heinemann Ildik\u00f3 is -, \u00e9s Sz\u0171cs \u00c9dua grafikus illusztr\u00e1lta. A k\u00fcl\u00f6nb\u00f6z\u0151 koroszt\u00e1lyoknak megfelel\u0151 sz\u00f6vegeket v\u00e1ltozatos \u00e9s \u00e9rdekes feladatok k\u00f6vetik, amelyek seg\u00edts\u00e9g\u00e9vel a gyerekek j\u00e1tszva megtanulj\u00e1k a t\u00f6rt\u00e9neteket. A tov\u00e1bbgondolkod\u00e1st pedig k\u00e9rd\u00e9sek seg\u00edtik ezekben a k\u00f6nnyen kezelhet\u0151, remek kivitelez\u00e9s\u0171 k\u00f6nyvekben.<\/p>\n<p>Az <strong>els\u0151s\u00f6kkel<\/strong> Isten aj\u00e1nd\u00e9kair\u00f3l besz\u00e9lget\u00fcnk: a F\u00f6ldr\u0151l, a csal\u00e1dr\u00f3l, a kereszt\u00e9nyek nagy csal\u00e1dj\u00e1r\u00f3l.<\/p>\n<p><a href=\"https:\/\/vecses2.lutheran.hu\/wp-content\/uploads\/2018\/03\/aldas.jpg\"><img loading=\"lazy\" decoding=\"async\" class=\"size-medium wp-image-274 alignleft\" src=\"https:\/\/vecses2.lutheran.hu\/wp-content\/uploads\/2018\/03\/aldas-200x300.jpg\" alt=\"\" width=\"200\" height=\"300\" \/><\/a>A <strong>m\u00e1sodikosokkal<\/strong> a Biblia azon szakaszait tanulm\u00e1nyozzuk, amelyekben elindult valaki a hit \u00fatj\u00e1n. El\u0151sz\u00f6r az \u00f3sz\u00f6vets\u00e9gi \u0151sap\u00e1k t\u00f6rt\u00e9neteit ismerik meg: \u00c1brah\u00e1mot, Izs\u00e1kot, J\u00e1k\u00f3bot, J\u00f3zsefet. Az \u00e9v m\u00e1sodik fel\u00e9ben J\u00e9zus tan\u00edtv\u00e1nyair\u00f3l \u00e9s gy\u00f3gy\u00edt\u00e1sair\u00f3l is tanulunk.<\/p>\n<p>A <strong>harmadik oszt\u00e1lyosok<\/strong> tank\u00f6nyv\u00e9nek c\u00edme: Isten cselekszik. Ennek megfelel\u0151en el\u0151sz\u00f6r Isten teremt\u00e9s\u00e9r\u0151l besz\u00e9l\u00fcnk, majd No\u00e9 b\u00e1rk\u00e1j\u00e1r\u00f3l \u00e9s a b\u00e1beli toronyr\u00f3l. Azut\u00e1n arr\u00f3l, hogy Isten hogyan sz\u00f3l\u00edtotta meg S\u00e1muelt vagy M\u00e1ri\u00e1t, \u00e9s hogy minket hogyan sz\u00f3l\u00edt meg. Megtanuljuk haszn\u00e1lni a Bibli\u00e1t. A <strong>negyedikesek<\/strong> tank\u00f6nyv\u00e9nek az egyik szerz\u0151je Heinemann Ildik\u00f3, gy\u00fclekezet\u00fcnk lelk\u00e9sze. J\u00e9zus p\u00e9ld\u00e1zataival \u00e9s gy\u00f3gy\u00edt\u00e1saival foglalkozunk, majd az \u00f3sz\u00f6vets\u00e9gi D\u00e1vid kir\u00e1lyt ismerj\u00fck meg. Az <strong>\u00f6t\u00f6dikesek<\/strong> \u00fajsz\u00f6vets\u00e9gi bibliaismeretet, a <strong>hatodikosok<\/strong> pedig az \u00f3sz\u00f6vets\u00e9gi bibliaismeretet saj\u00e1t\u00edtj\u00e1k el. <strong>Hetedik oszt\u00e1lyban<\/strong> egyh\u00e1zt\u00f6rt\u00e9nettel \u00e9s az egyh\u00e1zt\u00f6rt\u00e9net nagy alakjaival foglalkozunk.<\/p>\n<p>A <strong>hetedik oszt\u00e1ly<\/strong> m\u00e1r a konfirm\u00e1ci\u00f3ra val\u00f3 felk\u00e9sz\u00fcl\u00e9s \u00e9ve. A konfirm\u00e1ci\u00f3 p\u00fcnk\u00f6sdkor t\u00f6rt\u00e9nik gy\u00fclekezet\u00fcnkben. Ennek sor\u00e1n v\u00e1lik a fiatal a gy\u00fclekezet teljes jog\u00fa tagj\u00e1v\u00e1, ekkor vehet el\u0151sz\u00f6r \u00farvacsor\u00e1t.<\/p>\n","protected":false},"excerpt":{"rendered":"<p>A hittan\u00f3r\u00e1kat \u00e9rint\u0151 v\u00e1ltoz\u00e1sokr\u00f3l, a hit- \u00e9s erk\u00f6lcstan\u00f3r\u00e1kr\u00f3l ide kattintva olvashat. A gyerekeknek \u00e9v k\u00f6zben az iskol\u00e1kban \u00e9s az \u00f3vod\u00e1kban<\/p>\n","protected":false},"author":1,"featured_media":0,"parent":28,"menu_order":1,"comment_status":"closed","ping_status":"closed","template":"","meta":{"footnotes":""},"class_list":["post-126","page","type-page","status-publish","hentry","comments-off"],"_links":{"self":[{"href":"https:\/\/vecses2.lutheran.hu\/index.php?rest_route=\/wp\/v2\/pages\/126","targetHints":{"allow":["GET"]}}],"collection":[{"href":"https:\/\/vecses2.lutheran.hu\/index.php?rest_route=\/wp\/v2\/pages"}],"about":[{"href":"https:\/\/vecses2.lutheran.hu\/index.php?rest_route=\/wp\/v2\/types\/page"}],"author":[{"embeddable":true,"href":"https:\/\/vecses2.lutheran.hu\/index.php?rest_route=\/wp\/v2\/users\/1"}],"replies":[{"embeddable":true,"href":"https:\/\/vecses2.lutheran.hu\/index.php?rest_route=%2Fwp%2Fv2%2Fcomments&post=126"}],"version-history":[{"count":0,"href":"https:\/\/vecses2.lutheran.hu\/index.php?rest_route=\/wp\/v2\/pages\/126\/revisions"}],"up":[{"embeddable":true,"href":"https:\/\/vecses2.lutheran.hu\/index.php?rest_route=\/wp\/v2\/pages\/28"}],"wp:attachment":[{"href":"https:\/\/vecses2.lutheran.hu\/index.php?rest_route=%2Fwp%2Fv2%2Fmedia&parent=126"}],"curies":[{"name":"wp","href":"https:\/\/api.w.org\/{rel}","templated":true}]}}