{"id":1078,"date":"2025-04-08T15:17:21","date_gmt":"2025-04-08T15:17:21","guid":{"rendered":"https:\/\/vecses2.lutheran.hu\/?page_id=1078"},"modified":"2025-04-08T17:04:22","modified_gmt":"2025-04-08T17:04:22","slug":"1078-2","status":"publish","type":"page","link":"https:\/\/vecses2.lutheran.hu\/","title":{"rendered":""},"content":{"rendered":"\n<div id=\"fbcontainer\" style=\"min-width: 300px; max-width: 500px; height: 100%; margin: 0 auto;\">\n<div class=\"fb-page\" data-href=\"https:\/\/www.facebook.com\/VecsesiEvangelikus\" data-tabs=\"timeline,events\" data-width=\"500\" data-height=\"700\" data-small-header=\"true\" data-adapt-container-width=\"true\" data-hide-cover=\"false\" data-show-facepile=\"true\"><blockquote cite=\"https:\/\/www.facebook.com\/VecsesiEvangelikus\" class=\"fb-xfbml-parse-ignore\"><a href=\"https:\/\/www.facebook.com\/VecsesiEvangelikus\">Vecs\u00e9si Evang\u00e9likus Gy\u00fclekezet<\/a><\/blockquote><\/div>\n<\/div>\n\n\n\n<p><\/p>\n","protected":false},"excerpt":{"rendered":"<p>Vecs\u00e9si Evang\u00e9likus Gy\u00fclekezet<\/p>\n","protected":false},"author":1,"featured_media":0,"parent":0,"menu_order":0,"comment_status":"closed","ping_status":"closed","template":"","meta":{"footnotes":""},"class_list":["post-1078","page","type-page","status-publish","hentry","comments-off"],"_links":{"self":[{"href":"https:\/\/vecses2.lutheran.hu\/index.php?rest_route=\/wp\/v2\/pages\/1078","targetHints":{"allow":["GET"]}}],"collection":[{"href":"https:\/\/vecses2.lutheran.hu\/index.php?rest_route=\/wp\/v2\/pages"}],"about":[{"href":"https:\/\/vecses2.lutheran.hu\/index.php?rest_route=\/wp\/v2\/types\/page"}],"author":[{"embeddable":true,"href":"https:\/\/vecses2.lutheran.hu\/index.php?rest_route=\/wp\/v2\/users\/1"}],"replies":[{"embeddable":true,"href":"https:\/\/vecses2.lutheran.hu\/index.php?rest_route=%2Fwp%2Fv2%2Fcomments&post=1078"}],"version-history":[{"count":84,"href":"https:\/\/vecses2.lutheran.hu\/index.php?rest_route=\/wp\/v2\/pages\/1078\/revisions"}],"predecessor-version":[{"id":1183,"href":"https:\/\/vecses2.lutheran.hu\/index.php?rest_route=\/wp\/v2\/pages\/1078\/revisions\/1183"}],"wp:attachment":[{"href":"https:\/\/vecses2.lutheran.hu\/index.php?rest_route=%2Fwp%2Fv2%2Fmedia&parent=1078"}],"curies":[{"name":"wp","href":"https:\/\/api.w.org\/{rel}","templated":true}]}}