{"id":1030,"date":"2023-03-14T22:51:57","date_gmt":"2023-03-14T22:51:57","guid":{"rendered":"https:\/\/vecses2.lutheran.hu\/?page_id=1030"},"modified":"2023-03-14T23:03:00","modified_gmt":"2023-03-14T23:03:00","slug":"konfirmacio","status":"publish","type":"page","link":"https:\/\/vecses2.lutheran.hu\/?page_id=1030","title":{"rendered":"Konfirm\u00e1ci\u00f3"},"content":{"rendered":"\n<p>Gy\u00fclekezet\u00fcnk lelk\u00e9sze rendszeresen ind\u00edt konfirm\u00e1ci\u00f3i felk\u00e9sz\u00edt\u00e9st fiataloknak \u00e9s feln\u0151tteknek is. A fiatalok felk\u00e9sz\u00edt\u00e9se jellemz\u0151en egy tan\u00e9v alatt t\u00f6rt\u00e9nik, a feln\u0151ttek r\u00e9sz\u00e9re egy\u00e9ni megbesz\u00e9l\u00e9s szerint. Szeretettel v\u00e1rjuk ezekre mindazokat, akik szeretn\u00e9nek evang\u00e9likus hit\u00fck meger\u0151s\u00edt\u00e9s\u00e9t \u00fcnnep\u00e9lyes keretek k\u00f6z\u00f6tt meg\u00e9lni. Tov\u00e1bbi inform\u00e1ci\u00f3\u00e9rt k\u00e9rj\u00fck keress\u00e9k <a href=\"https:\/\/vecses2.lutheran.hu\/?page_id=20\" data-type=\"page\" data-id=\"20\">lelk\u00e9sz\u00fcnket<\/a>!<\/p>\n\n\n\n<p>A presbit\u00e9rium d\u00f6nt\u00e9s\u00e9nek \u00e9rtelm\u00e9ben:<\/p>\n\n\n\n<ul class=\"wp-block-list\">\n<li>A konfirm\u00e1ci\u00f3 annak a kifejez\u00e9se is, hogy elk\u00f6telez\u0151dik a konfirm\u00e1l\u00f3 szem\u00e9ly a gy\u00fclekezet mellett. Az elk\u00f6telez\u0151d\u00e9s egyik kifejez\u00e9se, hogy az egyh\u00e1zk\u00f6zs\u00e9g anyagi terheiben is r\u00e9szt v\u00e1llal. Ez\u00e9rt azt k\u00e9rj\u00fck, hogy minden konfirm\u00e1lni k\u00edv\u00e1n\u00f3 (vagy a sz\u00fclei) fizessenek be a konfirm\u00e1ci\u00f3ig egy \u00e9vi aj\u00e1nlott egyh\u00e1zfenntart\u00f3i j\u00e1rul\u00e9kot, amely jelenleg <strong>36.000 Ft<\/strong>.<\/li>\n<\/ul>\n","protected":false},"excerpt":{"rendered":"<p>Gy\u00fclekezet\u00fcnk lelk\u00e9sze rendszeresen ind\u00edt konfirm\u00e1ci\u00f3i felk\u00e9sz\u00edt\u00e9st fiataloknak \u00e9s feln\u0151tteknek is. A fiatalok felk\u00e9sz\u00edt\u00e9se jellemz\u0151en egy tan\u00e9v alatt t\u00f6rt\u00e9nik, a feln\u0151ttek<\/p>\n","protected":false},"author":1,"featured_media":0,"parent":894,"menu_order":1,"comment_status":"closed","ping_status":"closed","template":"","meta":{"footnotes":""},"class_list":["post-1030","page","type-page","status-publish","hentry","comments-off"],"_links":{"self":[{"href":"https:\/\/vecses2.lutheran.hu\/index.php?rest_route=\/wp\/v2\/pages\/1030","targetHints":{"allow":["GET"]}}],"collection":[{"href":"https:\/\/vecses2.lutheran.hu\/index.php?rest_route=\/wp\/v2\/pages"}],"about":[{"href":"https:\/\/vecses2.lutheran.hu\/index.php?rest_route=\/wp\/v2\/types\/page"}],"author":[{"embeddable":true,"href":"https:\/\/vecses2.lutheran.hu\/index.php?rest_route=\/wp\/v2\/users\/1"}],"replies":[{"embeddable":true,"href":"https:\/\/vecses2.lutheran.hu\/index.php?rest_route=%2Fwp%2Fv2%2Fcomments&post=1030"}],"version-history":[{"count":2,"href":"https:\/\/vecses2.lutheran.hu\/index.php?rest_route=\/wp\/v2\/pages\/1030\/revisions"}],"predecessor-version":[{"id":1032,"href":"https:\/\/vecses2.lutheran.hu\/index.php?rest_route=\/wp\/v2\/pages\/1030\/revisions\/1032"}],"up":[{"embeddable":true,"href":"https:\/\/vecses2.lutheran.hu\/index.php?rest_route=\/wp\/v2\/pages\/894"}],"wp:attachment":[{"href":"https:\/\/vecses2.lutheran.hu\/index.php?rest_route=%2Fwp%2Fv2%2Fmedia&parent=1030"}],"curies":[{"name":"wp","href":"https:\/\/api.w.org\/{rel}","templated":true}]}}