{"id":1018,"date":"2023-03-14T22:29:59","date_gmt":"2023-03-14T22:29:59","guid":{"rendered":"https:\/\/vecses2.lutheran.hu\/?page_id=1018"},"modified":"2023-03-16T18:20:15","modified_gmt":"2023-03-16T18:20:15","slug":"temetes","status":"publish","type":"page","link":"https:\/\/vecses2.lutheran.hu\/?page_id=1018","title":{"rendered":"Temet\u00e9s"},"content":{"rendered":"\n<p>A vecs\u00e9si gy\u00fclekezet \u00e9s lelk\u00e9sze k\u00e9szs\u00e9gesen \u00e1llnak a gy\u00e1szol\u00f3k rendelkez\u00e9s\u00e9re ebben a neh\u00e9z id\u0151szakban. Tov\u00e1bbi inform\u00e1ci\u00f3\u00e9rt k\u00e9rj\u00fck keress\u00e9k <a href=\"https:\/\/vecses2.lutheran.hu\/?page_id=20\" data-type=\"page\" data-id=\"20\">lelk\u00e9sz\u00fcnket<\/a>!<\/p>\n\n\n\n<p>A presbit\u00e9rium d\u00f6nt\u00e9s\u00e9nek \u00e9rtelm\u00e9ben:<\/p>\n\n\n\n<ul class=\"wp-block-list\">\n<li>A gy\u00fclekezet aj\u00e1nlott egyh\u00e1zfenntart\u00f3i j\u00e1rul\u00e9kot az elm\u00falt 12 h\u00f3napban (36.000 Ft) megfizet\u0151 tagjai sz\u00e1m\u00e1ra a temet\u00e9s nem j\u00e1r tov\u00e1bbi k\u00f6lts\u00e9gekkel.<\/li>\n\n\n\n<li>Azok sz\u00e1m\u00e1ra, akik nem tartoznak a gy\u00fclekezet\u00fcnkh\u00f6z, azok sz\u00e1m\u00e1ra a temet\u00e9s szolg\u00e1lata <strong>50.000 Ft<\/strong>-ba ker\u00fcl, mert a lelk\u00e9szn\u0151 ez id\u0151 alatt sem a gy\u00fclekezettel foglalkozik.<\/li>\n<\/ul>\n","protected":false},"excerpt":{"rendered":"<p>A vecs\u00e9si gy\u00fclekezet \u00e9s lelk\u00e9sze k\u00e9szs\u00e9gesen \u00e1llnak a gy\u00e1szol\u00f3k rendelkez\u00e9s\u00e9re ebben a neh\u00e9z id\u0151szakban. Tov\u00e1bbi inform\u00e1ci\u00f3\u00e9rt k\u00e9rj\u00fck keress\u00e9k lelk\u00e9sz\u00fcnket! A<\/p>\n","protected":false},"author":1,"featured_media":0,"parent":894,"menu_order":4,"comment_status":"closed","ping_status":"closed","template":"","meta":{"footnotes":""},"class_list":["post-1018","page","type-page","status-publish","hentry","comments-off"],"_links":{"self":[{"href":"https:\/\/vecses2.lutheran.hu\/index.php?rest_route=\/wp\/v2\/pages\/1018","targetHints":{"allow":["GET"]}}],"collection":[{"href":"https:\/\/vecses2.lutheran.hu\/index.php?rest_route=\/wp\/v2\/pages"}],"about":[{"href":"https:\/\/vecses2.lutheran.hu\/index.php?rest_route=\/wp\/v2\/types\/page"}],"author":[{"embeddable":true,"href":"https:\/\/vecses2.lutheran.hu\/index.php?rest_route=\/wp\/v2\/users\/1"}],"replies":[{"embeddable":true,"href":"https:\/\/vecses2.lutheran.hu\/index.php?rest_route=%2Fwp%2Fv2%2Fcomments&post=1018"}],"version-history":[{"count":4,"href":"https:\/\/vecses2.lutheran.hu\/index.php?rest_route=\/wp\/v2\/pages\/1018\/revisions"}],"predecessor-version":[{"id":1043,"href":"https:\/\/vecses2.lutheran.hu\/index.php?rest_route=\/wp\/v2\/pages\/1018\/revisions\/1043"}],"up":[{"embeddable":true,"href":"https:\/\/vecses2.lutheran.hu\/index.php?rest_route=\/wp\/v2\/pages\/894"}],"wp:attachment":[{"href":"https:\/\/vecses2.lutheran.hu\/index.php?rest_route=%2Fwp%2Fv2%2Fmedia&parent=1018"}],"curies":[{"name":"wp","href":"https:\/\/api.w.org\/{rel}","templated":true}]}}